{"id":10,"date":"2019-05-06T14:17:43","date_gmt":"2019-05-06T12:17:43","guid":{"rendered":"http:\/\/pierreromain.pro\/?page_id=10"},"modified":"2022-05-16T09:11:14","modified_gmt":"2022-05-16T07:11:14","slug":"accueil","status":"publish","type":"page","link":"https:\/\/pierreromain.pro\/","title":{"rendered":"Accueil"},"content":{"rendered":"<div class=\"col-md-5\">\n<h3>\u00c0 propos de Hestia<\/h3>\n<p>Besoin de plus de d\u00e9tails ? Consultez notre documentation compl\u00e8te sur la m\u00e9thode d\u2019utilisation de Hestia.<\/p><\/div>\n<div class=\"col-md-6 col-md-offset-1\"><img decoding=\"async\" class=\"size-medium alignright\" src=\"http:\/\/pierreromain.pro\/wp-content\/themes\/hestia\/assets\/img\/about-content.png\"><\/div>\n\n\n<p><\/p>\n","protected":false},"excerpt":{"rendered":"<p>\u00c0 propos de Hestia Besoin de plus de d\u00e9tails ? Consultez notre documentation compl\u00e8te sur la m\u00e9thode d\u2019utilisation de Hestia.<\/p>\n","protected":false},"author":1,"featured_media":0,"parent":0,"menu_order":0,"comment_status":"closed","ping_status":"closed","template":"","meta":[],"_links":{"self":[{"href":"https:\/\/pierreromain.pro\/index.php\/wp-json\/wp\/v2\/pages\/10"}],"collection":[{"href":"https:\/\/pierreromain.pro\/index.php\/wp-json\/wp\/v2\/pages"}],"about":[{"href":"https:\/\/pierreromain.pro\/index.php\/wp-json\/wp\/v2\/types\/page"}],"author":[{"embeddable":true,"href":"https:\/\/pierreromain.pro\/index.php\/wp-json\/wp\/v2\/users\/1"}],"replies":[{"embeddable":true,"href":"https:\/\/pierreromain.pro\/index.php\/wp-json\/wp\/v2\/comments?post=10"}],"version-history":[{"count":2,"href":"https:\/\/pierreromain.pro\/index.php\/wp-json\/wp\/v2\/pages\/10\/revisions"}],"predecessor-version":[{"id":114,"href":"https:\/\/pierreromain.pro\/index.php\/wp-json\/wp\/v2\/pages\/10\/revisions\/114"}],"wp:attachment":[{"href":"https:\/\/pierreromain.pro\/index.php\/wp-json\/wp\/v2\/media?parent=10"}],"curies":[{"name":"wp","href":"https:\/\/api.w.org\/{rel}","templated":true}]}}