{"id":124,"date":"2022-05-16T09:30:36","date_gmt":"2022-05-16T07:30:36","guid":{"rendered":"http:\/\/pierreromain.pro\/?page_id=124"},"modified":"2022-05-16T15:55:21","modified_gmt":"2022-05-16T13:55:21","slug":"facility-manager","status":"publish","type":"page","link":"https:\/\/pierreromain.pro\/index.php\/facility-manager\/","title":{"rendered":"Facility Manager"},"content":{"rendered":"\n<h4>Gestion et entretien de votre patrimoine et espace de Travail.<\/h4>\n\n\n\n<ul><li>Inspection, contr\u00f4le, coordination, gestion, optimisation, \u00e9tablissement du budget, \u2026<\/li><li>Entretien de votre\/vos b\u00e2timent(s).<\/li><li>Adaptation des contrats.<\/li><li>Suivi des demandes journali\u00e8res.<\/li><li>R\u00e9duction des plaintes et des co\u00fbts.<\/li><li>D\u00e9m\u00e9nagement interne ou externe.<\/li><li>Mise en place rapide de solutions li\u00e9es \u00e0 l\u2019 HVAC, sanitaire,\u2026<\/li><li>Tandem management.<\/li><li>Aides sp\u00e9cifiques aux Start-up et Spin-off.<\/li><\/ul>\n","protected":false},"excerpt":{"rendered":"<p>Gestion et entretien de votre patrimoine et espace de Travail. Inspection, contr\u00f4le, coordination, gestion, optimisation, \u00e9tablissement du budget, \u2026 Entretien de votre\/vos b\u00e2timent(s). Adaptation des contrats. Suivi des demandes journali\u00e8res. R\u00e9duction des plaintes et des co\u00fbts. D\u00e9m\u00e9nagement interne ou externe. Mise en place rapide de solutions li\u00e9es \u00e0 l\u2019 HVAC, [&hellip;]<\/p>\n","protected":false},"author":1,"featured_media":0,"parent":0,"menu_order":0,"comment_status":"closed","ping_status":"closed","template":"","meta":[],"_links":{"self":[{"href":"https:\/\/pierreromain.pro\/index.php\/wp-json\/wp\/v2\/pages\/124"}],"collection":[{"href":"https:\/\/pierreromain.pro\/index.php\/wp-json\/wp\/v2\/pages"}],"about":[{"href":"https:\/\/pierreromain.pro\/index.php\/wp-json\/wp\/v2\/types\/page"}],"author":[{"embeddable":true,"href":"https:\/\/pierreromain.pro\/index.php\/wp-json\/wp\/v2\/users\/1"}],"replies":[{"embeddable":true,"href":"https:\/\/pierreromain.pro\/index.php\/wp-json\/wp\/v2\/comments?post=124"}],"version-history":[{"count":2,"href":"https:\/\/pierreromain.pro\/index.php\/wp-json\/wp\/v2\/pages\/124\/revisions"}],"predecessor-version":[{"id":136,"href":"https:\/\/pierreromain.pro\/index.php\/wp-json\/wp\/v2\/pages\/124\/revisions\/136"}],"wp:attachment":[{"href":"https:\/\/pierreromain.pro\/index.php\/wp-json\/wp\/v2\/media?parent=124"}],"curies":[{"name":"wp","href":"https:\/\/api.w.org\/{rel}","templated":true}]}}