{"id":187,"date":"2022-10-03T11:09:52","date_gmt":"2022-10-03T09:09:52","guid":{"rendered":"http:\/\/pierreromain.pro\/?page_id=187"},"modified":"2024-05-14T09:47:35","modified_gmt":"2024-05-14T07:47:35","slug":"philosophie","status":"publish","type":"page","link":"https:\/\/pierreromain.pro\/index.php\/philosophie\/","title":{"rendered":"Philosophie"},"content":{"rendered":"\n<p>Pierre Romain, Comte de Belvaux travaille depuis 30 ans dans les domaines de l\u2019 Architecture d\u2019int\u00e9rieur, du Project, du Building, du Property, du Facility Management autant en Belgique qu\u2019\u00e0 l\u2019\u00e9tranger.<\/p>\n\n\n\n<p>Son objectif prioritaire est la satisfaction du client.<\/p>\n\n\n\n<p><\/p>\n\n\n\n<p>Formations &amp; expertises.<\/p>\n\n\n\n<ul>\n<li>Master &amp; seconde licence en Architecture d\u2019 int\u00e9rieur et design.<\/li>\n\n\n\n<li>Expertise dans les nouvelles technologies en gestion \u00e9nerg\u00e9tique et environnementale ainsi qu\u2019en microbiologie des b\u00e2timents.\u00a0<strong>greensolutions.pro<\/strong><\/li>\n\n\n\n<li>D\u00e9veloppement durable, R\u00e9versibilit\u00e9 des b\u00e2timents, Economie circulaire, \u00e9co-dynamisme Mise aux normes des b\u00e2timents, &#8230;<\/li>\n\n\n\n<li>Passions: Arts, Antiquit\u00e9s, Arts du jardin, d\u00e9couvertes,\u2026<\/li>\n\n\n\n<li>Pr\u00e9sident de \u201d La M\u00e9moire des Ma\u00eetres Verriers .be \u201d asbl.&nbsp;<a href=\"http:\/\/www.lamemoiredesmaitresverriers.be\/\">http:\/\/www.lamemoiredesmaitresverriers.be<\/a><\/li>\n\n\n\n<li>Historien du Verre<\/li>\n\n\n\n<li>Qualit\u00e9s principales: Visionnaire, Cr\u00e9atif, Inventif, pro-actif, honn\u00eate, \u2026<\/li>\n<\/ul>\n","protected":false},"excerpt":{"rendered":"<p>Pierre Romain, Comte de Belvaux travaille depuis 30 ans dans les domaines de l\u2019 Architecture d\u2019int\u00e9rieur, du Project, du Building, du Property, du Facility Management autant en Belgique qu\u2019\u00e0 l\u2019\u00e9tranger. Son objectif prioritaire est la satisfaction du client. Formations &amp; expertises.<\/p>\n","protected":false},"author":1,"featured_media":0,"parent":0,"menu_order":0,"comment_status":"closed","ping_status":"closed","template":"","meta":[],"_links":{"self":[{"href":"https:\/\/pierreromain.pro\/index.php\/wp-json\/wp\/v2\/pages\/187"}],"collection":[{"href":"https:\/\/pierreromain.pro\/index.php\/wp-json\/wp\/v2\/pages"}],"about":[{"href":"https:\/\/pierreromain.pro\/index.php\/wp-json\/wp\/v2\/types\/page"}],"author":[{"embeddable":true,"href":"https:\/\/pierreromain.pro\/index.php\/wp-json\/wp\/v2\/users\/1"}],"replies":[{"embeddable":true,"href":"https:\/\/pierreromain.pro\/index.php\/wp-json\/wp\/v2\/comments?post=187"}],"version-history":[{"count":7,"href":"https:\/\/pierreromain.pro\/index.php\/wp-json\/wp\/v2\/pages\/187\/revisions"}],"predecessor-version":[{"id":285,"href":"https:\/\/pierreromain.pro\/index.php\/wp-json\/wp\/v2\/pages\/187\/revisions\/285"}],"wp:attachment":[{"href":"https:\/\/pierreromain.pro\/index.php\/wp-json\/wp\/v2\/media?parent=187"}],"curies":[{"name":"wp","href":"https:\/\/api.w.org\/{rel}","templated":true}]}}