{"id":189,"date":"2022-10-03T11:11:31","date_gmt":"2022-10-03T09:11:31","guid":{"rendered":"http:\/\/pierreromain.pro\/?page_id=189"},"modified":"2022-10-18T19:46:02","modified_gmt":"2022-10-18T17:46:02","slug":"conferences-formations","status":"publish","type":"page","link":"https:\/\/pierreromain.pro\/index.php\/conferences-formations\/","title":{"rendered":"Conf\u00e9rences &#038; Formations"},"content":{"rendered":"\n<h2>Cursus li\u00e9s \u00e0 votre espace de travail et de vie.<\/h2>\n\n\n\n<ul><li>R\u00e9duction des plaintes et des co\u00fbts.<\/li><li>D\u00e9m\u00e9nagement interne ou externe.<\/li><li>Mise en place rapide de solutions.<\/li><li>Sur demande&#8230;<\/li><\/ul>\n","protected":false},"excerpt":{"rendered":"<p>Cursus li\u00e9s \u00e0 votre espace de travail et de vie. R\u00e9duction des plaintes et des co\u00fbts. D\u00e9m\u00e9nagement interne ou externe. Mise en place rapide de solutions. Sur demande&#8230;<\/p>\n","protected":false},"author":1,"featured_media":0,"parent":0,"menu_order":0,"comment_status":"closed","ping_status":"closed","template":"","meta":[],"_links":{"self":[{"href":"https:\/\/pierreromain.pro\/index.php\/wp-json\/wp\/v2\/pages\/189"}],"collection":[{"href":"https:\/\/pierreromain.pro\/index.php\/wp-json\/wp\/v2\/pages"}],"about":[{"href":"https:\/\/pierreromain.pro\/index.php\/wp-json\/wp\/v2\/types\/page"}],"author":[{"embeddable":true,"href":"https:\/\/pierreromain.pro\/index.php\/wp-json\/wp\/v2\/users\/1"}],"replies":[{"embeddable":true,"href":"https:\/\/pierreromain.pro\/index.php\/wp-json\/wp\/v2\/comments?post=189"}],"version-history":[{"count":2,"href":"https:\/\/pierreromain.pro\/index.php\/wp-json\/wp\/v2\/pages\/189\/revisions"}],"predecessor-version":[{"id":238,"href":"https:\/\/pierreromain.pro\/index.php\/wp-json\/wp\/v2\/pages\/189\/revisions\/238"}],"wp:attachment":[{"href":"https:\/\/pierreromain.pro\/index.php\/wp-json\/wp\/v2\/media?parent=189"}],"curies":[{"name":"wp","href":"https:\/\/api.w.org\/{rel}","templated":true}]}}