{"id":21,"date":"2019-05-06T14:31:36","date_gmt":"2019-05-06T12:31:36","guid":{"rendered":"http:\/\/pierreromain.pro\/?page_id=21"},"modified":"2019-05-20T10:02:21","modified_gmt":"2019-05-20T08:02:21","slug":"architecture-d-interieur","status":"publish","type":"page","link":"https:\/\/pierreromain.pro\/index.php\/architecture-d-interieur\/","title":{"rendered":"Architecte d&rsquo;int\u00e9rieur"},"content":{"rendered":"\n<p>Structuration, restructuration, am\u00e9nagement, coloration, invention&#8230; de vos espaces de vie.<\/p>\n\n\n\n<p>Prise en main compl\u00e8te ou partielle de la r\u00e9novation de votre int\u00e9rieur, de la mise en plan \u00e0 l&rsquo;ex\u00e9cution et la r\u00e9ception des travaux.<\/p>\n\n\n\n<p>Etapes:<\/p>\n\n\n\n<ol><li>Entrevue gratuite et sans engagement afin de v\u00e9rifier la faisabilit\u00e9 du projet.<\/li><li>Remise offre de service\/prix.<\/li><li>Implantation, mise en plan et demandes d&rsquo;offres de prix.<\/li><li>R\u00e9alisation et suivi du chantier.<\/li><li>R\u00e9ception.<\/li><\/ol>\n\n\n\n<p><\/p>\n","protected":false},"excerpt":{"rendered":"<p>Structuration, restructuration, am\u00e9nagement, coloration, invention&#8230; de vos espaces de vie. Prise en main compl\u00e8te ou partielle de la r\u00e9novation de votre int\u00e9rieur, de la mise en plan \u00e0 l&rsquo;ex\u00e9cution et la r\u00e9ception des travaux. Etapes: Entrevue gratuite et sans engagement afin de v\u00e9rifier la faisabilit\u00e9 du projet. Remise offre de [&hellip;]<\/p>\n","protected":false},"author":1,"featured_media":0,"parent":0,"menu_order":0,"comment_status":"closed","ping_status":"closed","template":"","meta":[],"_links":{"self":[{"href":"https:\/\/pierreromain.pro\/index.php\/wp-json\/wp\/v2\/pages\/21"}],"collection":[{"href":"https:\/\/pierreromain.pro\/index.php\/wp-json\/wp\/v2\/pages"}],"about":[{"href":"https:\/\/pierreromain.pro\/index.php\/wp-json\/wp\/v2\/types\/page"}],"author":[{"embeddable":true,"href":"https:\/\/pierreromain.pro\/index.php\/wp-json\/wp\/v2\/users\/1"}],"replies":[{"embeddable":true,"href":"https:\/\/pierreromain.pro\/index.php\/wp-json\/wp\/v2\/comments?post=21"}],"version-history":[{"count":6,"href":"https:\/\/pierreromain.pro\/index.php\/wp-json\/wp\/v2\/pages\/21\/revisions"}],"predecessor-version":[{"id":100,"href":"https:\/\/pierreromain.pro\/index.php\/wp-json\/wp\/v2\/pages\/21\/revisions\/100"}],"wp:attachment":[{"href":"https:\/\/pierreromain.pro\/index.php\/wp-json\/wp\/v2\/media?parent=21"}],"curies":[{"name":"wp","href":"https:\/\/api.w.org\/{rel}","templated":true}]}}